{"id":4329,"date":"2022-11-28T10:07:54","date_gmt":"2022-11-28T09:07:54","guid":{"rendered":"https:\/\/www.fratubi.it\/cookie-policy\/"},"modified":"2024-03-12T14:30:18","modified_gmt":"2024-03-12T13:30:18","slug":"cookie-policy","status":"publish","type":"page","link":"https:\/\/www.fratubi.it\/en\/cookie-policy\/","title":{"rendered":"Cookie Policy"},"content":{"rendered":"\t\t<div data-elementor-type=\"wp-page\" data-elementor-id=\"4329\" class=\"elementor elementor-4329 elementor-1884\" data-elementor-post-type=\"page\">\n\t\t\t\t\t\t<section class=\"elementor-section elementor-top-section elementor-element elementor-element-036e996 elementor-section-boxed elementor-section-height-default elementor-section-height-default\" data-id=\"036e996\" data-element_type=\"section\">\n\t\t\t\t\t\t<div class=\"elementor-container elementor-column-gap-default\">\n\t\t\t\t\t<div class=\"elementor-column elementor-col-100 elementor-top-column elementor-element elementor-element-77778e5\" data-id=\"77778e5\" data-element_type=\"column\">\n\t\t\t<div class=\"elementor-widget-wrap elementor-element-populated\">\n\t\t\t\t\t\t<div class=\"elementor-element elementor-element-b8e2fda elementor-widget elementor-widget-text-editor\" data-id=\"b8e2fda\" data-element_type=\"widget\" data-widget_type=\"text-editor.default\">\n\t\t\t\t<div class=\"elementor-widget-container\">\n\t\t\t\t\t\t\t\t\t<h3>LA NOSTRA POLITICA SUI COOKIE<\/h3><p>La presente Policy sui Cookies descrive il modo in cui i cookies sono utilizzati nel presente sito internet e il modo in cui potete abilitare o disabilitare i cookies.<br \/>I cookie sono piccole porzioni di dati generati dai siti web che visiti. Essi vengono memorizzati e utilizzati per migliorare l\u2019esperienza di utilizzo di un sito, permettendo di mantenere le informazioni tra le pagine ed anche di analizzare il modo in cui interagite con il sito.<br \/>I cookies sono sicuri, non registrano alcuna informazione personale su un utente, e le informazioni immagazzinate in esso possono riguardare l\u2019utente, le sue preferenze o il dispositivo di accesso a Internet (computer, tablet o cellulare) e vengono utilizzate principalmente per adeguare il funzionamento del sito alle aspettative dell\u2019utente, offrendo un\u2019esperienza di navigazione pi\u00f9 personalizzata.<br \/>Di seguito \u00e8 possibile saperne di pi\u00f9 sui vari modi in cui utilizziamo i cookie. Se lo si desidera, \u00e8 possibile impedire il salvataggio di alcuni o tutti i cookie.<\/p><h3>IL SITO USA ESCLUSIVAMENTE\u00a0COOKIE TECNICI<\/h3><p>Sono cookie di navigazione o di sessione, che garantiscono la normale navigazione e fruizione del sito web (permettendo, ad esempio, di realizzare un acquisto o autenticarsi per accedere ad aree riservate), i cookie analytics, assimilati ai cookie tecnici laddove utilizzati direttamente dal gestore del sito per raccogliere informazioni sul numero degli utenti e su come questi visitano il sito stesso. Gli IP sono stati stati preventivamente resi anonimi nei dati raccolti dal suddetto cookie.<\/p><h3>\u00a0<\/h3><h3>RINUNCIA AI COOKIE<\/h3><p>In caso di preoccupazioni sull\u2019utilizzo dei cookie, \u00e8 possibile intervenire e impedirne l\u2019impostazione, ad esempio modificando la configurazione del browser per bloccarne determinati tipi. Per informazioni dettagliate sulla procedura necessaria \u00e8 possibile consultare la guida del browser:<br \/>\u2022\u00a0<a href=\"https:\/\/windows.microsoft.com\/it-it\/windows7\/block-enable-or-allow-cookies\" target=\"_blank\" rel=\"noopener\">Internet Explorer<\/a>,<br \/>\u2022\u00a0<a href=\"https:\/\/support.mozilla.org\/it\/kb\/Attivare%20e%20disattivare%20i%20cookie\" target=\"_blank\" rel=\"noopener\">Firefox<\/a>,<br \/>\u2022\u00a0<a href=\"https:\/\/support.google.com\/accounts\/answer\/61416?hl=it\" target=\"_blank\" rel=\"noopener\">Chrome<\/a>,<br \/>\u2022\u00a0<a href=\"https:\/\/support.apple.com\/it-it\/HT201265\" target=\"_blank\" rel=\"noopener\">Safari<\/a>,<br \/>\u2022\u00a0<a href=\"https:\/\/help.opera.com\/Windows\/12.10\/it\/cookies.html\" target=\"_blank\" rel=\"noopener\">Opera<\/a><br \/>\u2022\u00a0<a href=\"https:\/\/tools.google.com\/dlpage\/gaoptout?hl=it\" target=\"_blank\" rel=\"noopener\">Bloccare Google Analytics<\/a><\/p><h3>IL SUO STATO ATTUALE &#8211; MODIFICA PREFERENZE COOKIE:<\/h3><p>\u00c9 possibile consultare il suo stato attuale di selezione delle preferenze per questa applicazione, consultare la lista dei cookie utilizzati da questa applicazione o <a class=\"cky-banner-element\" href=\"#\">Modifica il suo Consenso<\/a><\/p><h3>\u00a0<\/h3><h3>Riferimenti legali<\/h3><p>Avviso agli Utenti europei: La presente informativa privacy \u00e8 redatta in adempimento degli obblighi previsti dall\u2019Art. 10 della Direttiva n. 95\/46\/CE, nonch\u00e9 a quanto previsto dalla Direttiva 2002\/58\/CE, come aggiornata dalla Direttiva 2009\/136\/CE, in materia di Cookie ed ai sensi degli art. 13-14 del gdpr (general data protection regulation) 2016\/679. Secondo le normative indicate, tale trattamento sar\u00e0 improntato ai principi di correttezza, liceit\u00e0, trasparenza e di tutela della Sua riservatezza e dei Suoi diritti. Ove non diversamente specificato, questa informativa privacy riguarda esclusivamente questa Applicazione.<\/p>\t\t\t\t\t\t\t\t<\/div>\n\t\t\t\t<\/div>\n\t\t\t\t\t<\/div>\n\t\t<\/div>\n\t\t\t\t\t<\/div>\n\t\t<\/section>\n\t\t\t\t<\/div>\n\t\t","protected":false},"excerpt":{"rendered":"<p>LA NOSTRA POLITICA SUI COOKIE La presente Policy sui Cookies descrive il modo in cui i cookies sono utilizzati nel presente sito internet e il modo in cui potete abilitare o disabilitare i cookies. I cookie sono piccole porzioni di dati generati dai siti web che visiti. Essi vengono memorizzati e utilizzati per migliorare l\u2019esperienza [&hellip;]<\/p>\n","protected":false},"author":2,"featured_media":0,"parent":0,"menu_order":0,"comment_status":"closed","ping_status":"closed","template":"","meta":{"inline_featured_image":false,"footnotes":""},"class_list":["post-4329","page","type-page","status-publish","hentry"],"yoast_head":"<!-- This site is optimized with the Yoast SEO plugin v27.4 - https:\/\/yoast.com\/product\/yoast-seo-wordpress\/ -->\n<title>Cookie Policy | FRATUBI<\/title>\n<meta name=\"robots\" content=\"index, follow, max-snippet:-1, max-image-preview:large, max-video-preview:-1\" \/>\n<link rel=\"canonical\" href=\"https:\/\/www.fratubi.it\/en\/cookie-policy\/\" \/>\n<meta property=\"og:locale\" content=\"en_US\" \/>\n<meta property=\"og:type\" content=\"article\" \/>\n<meta property=\"og:title\" content=\"Cookie Policy | FRATUBI\" \/>\n<meta property=\"og:description\" content=\"LA NOSTRA POLITICA SUI COOKIE La presente Policy sui Cookies descrive il modo in cui i cookies sono utilizzati nel presente sito internet e il modo in cui potete abilitare o disabilitare i cookies. I cookie sono piccole porzioni di dati generati dai siti web che visiti. Essi vengono memorizzati e utilizzati per migliorare l\u2019esperienza [&hellip;]\" \/>\n<meta property=\"og:url\" content=\"https:\/\/www.fratubi.it\/en\/cookie-policy\/\" \/>\n<meta property=\"og:site_name\" content=\"FRATUBI\" \/>\n<meta property=\"article:modified_time\" content=\"2024-03-12T13:30:18+00:00\" \/>\n<meta property=\"og:image\" content=\"https:\/\/www.fratubi.it\/wp-content\/uploads\/2022\/11\/fratubi-img-header-azienda.jpg\" \/>\n\t<meta property=\"og:image:width\" content=\"1368\" \/>\n\t<meta property=\"og:image:height\" content=\"912\" \/>\n\t<meta property=\"og:image:type\" content=\"image\/jpeg\" \/>\n<meta name=\"twitter:card\" content=\"summary_large_image\" \/>\n<meta name=\"twitter:label1\" content=\"Est. reading time\" \/>\n\t<meta name=\"twitter:data1\" content=\"3 minutes\" \/>\n<script type=\"application\/ld+json\" class=\"yoast-schema-graph\">{\"@context\":\"https:\\\/\\\/schema.org\",\"@graph\":[{\"@type\":\"WebPage\",\"@id\":\"https:\\\/\\\/www.fratubi.it\\\/en\\\/cookie-policy\\\/\",\"url\":\"https:\\\/\\\/www.fratubi.it\\\/en\\\/cookie-policy\\\/\",\"name\":\"Cookie Policy | FRATUBI\",\"isPartOf\":{\"@id\":\"https:\\\/\\\/www.fratubi.it\\\/en\\\/#website\"},\"datePublished\":\"2022-11-28T09:07:54+00:00\",\"dateModified\":\"2024-03-12T13:30:18+00:00\",\"breadcrumb\":{\"@id\":\"https:\\\/\\\/www.fratubi.it\\\/en\\\/cookie-policy\\\/#breadcrumb\"},\"inLanguage\":\"en-US\",\"potentialAction\":[{\"@type\":\"ReadAction\",\"target\":[\"https:\\\/\\\/www.fratubi.it\\\/en\\\/cookie-policy\\\/\"]}]},{\"@type\":\"BreadcrumbList\",\"@id\":\"https:\\\/\\\/www.fratubi.it\\\/en\\\/cookie-policy\\\/#breadcrumb\",\"itemListElement\":[{\"@type\":\"ListItem\",\"position\":1,\"name\":\"Home\",\"item\":\"https:\\\/\\\/www.fratubi.it\\\/en\\\/\"},{\"@type\":\"ListItem\",\"position\":2,\"name\":\"Cookie Policy\"}]},{\"@type\":\"WebSite\",\"@id\":\"https:\\\/\\\/www.fratubi.it\\\/en\\\/#website\",\"url\":\"https:\\\/\\\/www.fratubi.it\\\/en\\\/\",\"name\":\"FRATUBI tubi, profilati, lamiere e prodotti siderurgici Ancona\",\"description\":\"Tubi, Profilati, Lamiere e Prodotti Siderurgici\",\"publisher\":{\"@id\":\"https:\\\/\\\/www.fratubi.it\\\/en\\\/#organization\"},\"potentialAction\":[{\"@type\":\"SearchAction\",\"target\":{\"@type\":\"EntryPoint\",\"urlTemplate\":\"https:\\\/\\\/www.fratubi.it\\\/en\\\/?s={search_term_string}\"},\"query-input\":{\"@type\":\"PropertyValueSpecification\",\"valueRequired\":true,\"valueName\":\"search_term_string\"}}],\"inLanguage\":\"en-US\"},{\"@type\":\"Organization\",\"@id\":\"https:\\\/\\\/www.fratubi.it\\\/en\\\/#organization\",\"name\":\"FRATUBI tubi, profilati, lamiere e prodotti siderurgici Ancona\",\"url\":\"https:\\\/\\\/www.fratubi.it\\\/en\\\/\",\"logo\":{\"@type\":\"ImageObject\",\"inLanguage\":\"en-US\",\"@id\":\"https:\\\/\\\/www.fratubi.it\\\/en\\\/#\\\/schema\\\/logo\\\/image\\\/\",\"url\":\"https:\\\/\\\/www.fratubi.it\\\/wp-content\\\/uploads\\\/2021\\\/10\\\/Risorsa-7.png\",\"contentUrl\":\"https:\\\/\\\/www.fratubi.it\\\/wp-content\\\/uploads\\\/2021\\\/10\\\/Risorsa-7.png\",\"width\":4611,\"height\":1455,\"caption\":\"FRATUBI tubi, profilati, lamiere e prodotti siderurgici Ancona\"},\"image\":{\"@id\":\"https:\\\/\\\/www.fratubi.it\\\/en\\\/#\\\/schema\\\/logo\\\/image\\\/\"}}]}<\/script>\n<!-- \/ Yoast SEO plugin. -->","yoast_head_json":{"title":"Cookie Policy | FRATUBI","robots":{"index":"index","follow":"follow","max-snippet":"max-snippet:-1","max-image-preview":"max-image-preview:large","max-video-preview":"max-video-preview:-1"},"canonical":"https:\/\/www.fratubi.it\/en\/cookie-policy\/","og_locale":"en_US","og_type":"article","og_title":"Cookie Policy | FRATUBI","og_description":"LA NOSTRA POLITICA SUI COOKIE La presente Policy sui Cookies descrive il modo in cui i cookies sono utilizzati nel presente sito internet e il modo in cui potete abilitare o disabilitare i cookies. I cookie sono piccole porzioni di dati generati dai siti web che visiti. Essi vengono memorizzati e utilizzati per migliorare l\u2019esperienza [&hellip;]","og_url":"https:\/\/www.fratubi.it\/en\/cookie-policy\/","og_site_name":"FRATUBI","article_modified_time":"2024-03-12T13:30:18+00:00","og_image":[{"width":1368,"height":912,"url":"https:\/\/www.fratubi.it\/wp-content\/uploads\/2022\/11\/fratubi-img-header-azienda.jpg","type":"image\/jpeg"}],"twitter_card":"summary_large_image","twitter_misc":{"Est. reading time":"3 minutes"},"schema":{"@context":"https:\/\/schema.org","@graph":[{"@type":"WebPage","@id":"https:\/\/www.fratubi.it\/en\/cookie-policy\/","url":"https:\/\/www.fratubi.it\/en\/cookie-policy\/","name":"Cookie Policy | FRATUBI","isPartOf":{"@id":"https:\/\/www.fratubi.it\/en\/#website"},"datePublished":"2022-11-28T09:07:54+00:00","dateModified":"2024-03-12T13:30:18+00:00","breadcrumb":{"@id":"https:\/\/www.fratubi.it\/en\/cookie-policy\/#breadcrumb"},"inLanguage":"en-US","potentialAction":[{"@type":"ReadAction","target":["https:\/\/www.fratubi.it\/en\/cookie-policy\/"]}]},{"@type":"BreadcrumbList","@id":"https:\/\/www.fratubi.it\/en\/cookie-policy\/#breadcrumb","itemListElement":[{"@type":"ListItem","position":1,"name":"Home","item":"https:\/\/www.fratubi.it\/en\/"},{"@type":"ListItem","position":2,"name":"Cookie Policy"}]},{"@type":"WebSite","@id":"https:\/\/www.fratubi.it\/en\/#website","url":"https:\/\/www.fratubi.it\/en\/","name":"FRATUBI tubi, profilati, lamiere e prodotti siderurgici Ancona","description":"Tubi, Profilati, Lamiere e Prodotti Siderurgici","publisher":{"@id":"https:\/\/www.fratubi.it\/en\/#organization"},"potentialAction":[{"@type":"SearchAction","target":{"@type":"EntryPoint","urlTemplate":"https:\/\/www.fratubi.it\/en\/?s={search_term_string}"},"query-input":{"@type":"PropertyValueSpecification","valueRequired":true,"valueName":"search_term_string"}}],"inLanguage":"en-US"},{"@type":"Organization","@id":"https:\/\/www.fratubi.it\/en\/#organization","name":"FRATUBI tubi, profilati, lamiere e prodotti siderurgici Ancona","url":"https:\/\/www.fratubi.it\/en\/","logo":{"@type":"ImageObject","inLanguage":"en-US","@id":"https:\/\/www.fratubi.it\/en\/#\/schema\/logo\/image\/","url":"https:\/\/www.fratubi.it\/wp-content\/uploads\/2021\/10\/Risorsa-7.png","contentUrl":"https:\/\/www.fratubi.it\/wp-content\/uploads\/2021\/10\/Risorsa-7.png","width":4611,"height":1455,"caption":"FRATUBI tubi, profilati, lamiere e prodotti siderurgici Ancona"},"image":{"@id":"https:\/\/www.fratubi.it\/en\/#\/schema\/logo\/image\/"}}]}},"_links":{"self":[{"href":"https:\/\/www.fratubi.it\/en\/wp-json\/wp\/v2\/pages\/4329","targetHints":{"allow":["GET"]}}],"collection":[{"href":"https:\/\/www.fratubi.it\/en\/wp-json\/wp\/v2\/pages"}],"about":[{"href":"https:\/\/www.fratubi.it\/en\/wp-json\/wp\/v2\/types\/page"}],"author":[{"embeddable":true,"href":"https:\/\/www.fratubi.it\/en\/wp-json\/wp\/v2\/users\/2"}],"replies":[{"embeddable":true,"href":"https:\/\/www.fratubi.it\/en\/wp-json\/wp\/v2\/comments?post=4329"}],"version-history":[{"count":5,"href":"https:\/\/www.fratubi.it\/en\/wp-json\/wp\/v2\/pages\/4329\/revisions"}],"predecessor-version":[{"id":4660,"href":"https:\/\/www.fratubi.it\/en\/wp-json\/wp\/v2\/pages\/4329\/revisions\/4660"}],"wp:attachment":[{"href":"https:\/\/www.fratubi.it\/en\/wp-json\/wp\/v2\/media?parent=4329"}],"curies":[{"name":"wp","href":"https:\/\/api.w.org\/{rel}","templated":true}]}}